{"id":7085,"date":"2018-05-18T14:08:19","date_gmt":"2018-05-18T14:08:19","guid":{"rendered":"https:\/\/capblancibiza.com\/?page_id=7085"},"modified":"2018-07-24T07:56:57","modified_gmt":"2018-07-24T07:56:57","slug":"acerca-del-proyecto","status":"publish","type":"page","link":"https:\/\/capblancibiza.com\/es\/acerca-del-proyecto\/","title":{"rendered":"Acerca del proyecto"},"content":{"rendered":"[vc_row type=\u00bbfull_width_background\u00bb full_screen_row_position=\u00bbmiddle\u00bb bg_image=\u00bb6798&#8243; bg_position=\u00bbcenter center\u00bb bg_repeat=\u00bbno-repeat\u00bb parallax_bg=\u00bbtrue\u00bb parallax_bg_speed=\u00bbfast\u00bb bg_color=\u00bb#333333&#8243; scene_position=\u00bbcenter\u00bb video_bg=\u00bbuse_video\u00bb video_mute=\u00bbtrue\u00bb text_color=\u00bblight\u00bb text_align=\u00bbleft\u00bb top_padding=\u00bb13%\u00bb bottom_padding=\u00bb13%\u00bb overlay_strength=\u00bb0.5&#8243;][vc_column column_padding=\u00bbpadding-3-percent\u00bb column_padding_position=\u00bball\u00bb background_color=\u00bbrgba(68,68,68,0.29)\u00bb background_color_opacity=\u00bb1&#8243; background_hover_color_opacity=\u00bb1&#8243; column_shadow=\u00bbnone\u00bb width=\u00bb1\/2&#8243; tablet_text_alignment=\u00bbdefault\u00bb phone_text_alignment=\u00bbdefault\u00bb column_border_width=\u00bbnone\u00bb column_border_style=\u00bbsolid\u00bb][split_line_heading]\n<div class=\"page-header\">\n<div class=\"page-header\">\n<h1>M\u00e1s de 25 a\u00f1os de experiencia<\/h1>\n<\/div>\n<\/div>\n[\/split_line_heading][vc_custom_heading text=\u00bbCap Blanc es un proyecto de Minerva Development. Durante los \u00faltimos 25 a\u00f1os, Minerva Development ha estado involucrada en m\u00e1s de 100 proyectos.\u00bb font_container=\u00bbtag:h5|text_align:left\u00bb use_theme_fonts=\u00bbyes\u00bb][\/vc_column][vc_column column_padding=\u00bbno-extra-padding\u00bb column_padding_position=\u00bball\u00bb background_color_opacity=\u00bb1&#8243; background_hover_color_opacity=\u00bb1&#8243; column_shadow=\u00bbnone\u00bb width=\u00bb1\/2&#8243; tablet_text_alignment=\u00bbdefault\u00bb phone_text_alignment=\u00bbdefault\u00bb column_border_width=\u00bbnone\u00bb column_border_style=\u00bbsolid\u00bb][\/vc_column][\/vc_row][vc_row type=\u00bbfull_width_content\u00bb full_screen_row_position=\u00bbmiddle\u00bb equal_height=\u00bbyes\u00bb content_placement=\u00bbmiddle\u00bb bg_color=\u00bb#f4f4f4&#8243; scene_position=\u00bbcenter\u00bb text_color=\u00bbdark\u00bb text_align=\u00bbleft\u00bb class=\u00bbcontent-below-header\u00bb overlay_strength=\u00bb0.3&#8243;][vc_column column_padding=\u00bbpadding-10-percent\u00bb column_padding_position=\u00bball\u00bb background_color=\u00bb#f4f4f4&#8243; background_color_opacity=\u00bb1&#8243; background_hover_color_opacity=\u00bb1&#8243; column_shadow=\u00bbnone\u00bb width=\u00bb1\/2&#8243; tablet_text_alignment=\u00bbdefault\u00bb phone_text_alignment=\u00bbdefault\u00bb column_border_width=\u00bbnone\u00bb column_border_style=\u00bbsolid\u00bb][vc_row_inner column_margin=\u00bbdefault\u00bb text_align=\u00bbleft\u00bb][vc_column_inner column_padding=\u00bbno-extra-padding\u00bb column_padding_position=\u00bball\u00bb background_color_opacity=\u00bb1&#8243; width=\u00bb1\/1&#8243; column_border_width=\u00bbnone\u00bb column_border_style=\u00bbsolid\u00bb][vc_custom_heading text=\u00bbMinerva development\u00bb font_container=\u00bbtag:h2|font_size:40|text_align:left|line_height:50px\u00bb use_theme_fonts=\u00bbyes\u00bb][vc_column_text css=\u00bb.vc_custom_1528876562249{margin-top: 10px !important;margin-bottom: 20px !important;}\u00bb]\n<h5>M\u00e1s de 100 proyectos inmobiliarios<\/h5>\n<p>Durante los \u00faltimos 25 a\u00f1os, Minerva Development ha estado involucrada en m\u00e1s de 100 proyectos en Holanda, Suiza e Ibiza. Los proyectos van desde nuevos complejos de apartamentos c\u00e9ntricos y chal\u00e9s de lujo a orillas del lago Lem\u00e1n, hasta un parque log\u00edstico en Schiphol, el aeropuerto de Amsterdam.<\/p>\n<h5>Solo la m\u00e1xima calidad<\/h5>\n<p>Nuestra trayectoria probada en el desarrollo de proyectos inmobiliarios y propiedades residenciales exclusivas en particular significa que estamos en disposici\u00f3n de garantizar la m\u00e1xima calidad en todos los aspectos de las residencias Cap Blanc Ibiza. Solo usamos materiales y accesorios de la m\u00e1xima calidad.<\/p>\n<p><strong>Algunos de los 100 proyectos desarrollados por Minerva <\/strong><\/p>\n<ul>\n<li>5 apartamentos de lujo en el centro de Amsterdam, cerca del Vondelpark<\/li>\n<li>Un chal\u00e9 de 45 millones de euros en el lago Lem\u00e1n, Suiza<\/li>\n<li>Transformaci\u00f3n de una vieja f\u00e1brica en 12.000 metros cuadrados de oficinas de alta calidad en Haarlem, Holanda.<\/li>\n<li>Centro veterinario de 2.000 metros cuadrados, incluyendo cuatro quir\u00f3fanos, en Amsterdam<\/li>\n<li>Centro de distribuci\u00f3n de 10.000 metros cuadrados y 1.600 metros cuadrados de oficinas en Schiphol, el aeropuerto de Amsterdam<\/li>\n<li>Cap Blanc Ibiza, 9 chal\u00e9s de lujo<\/li>\n<\/ul>\n<p><a href=\"http:\/\/www.minerva.nl\/en\/projects\">Pulse aqu\u00ed<\/a> para ver la lista completa de proyectos de Minerva[\/vc_column_text][\/vc_column_inner][\/vc_row_inner][\/vc_column][vc_column column_padding=\u00bbpadding-5-percent\u00bb column_padding_position=\u00bbleft-right\u00bb background_color=\u00bb#ffffff\u00bb background_color_opacity=\u00bb1&#8243; background_hover_color_opacity=\u00bb1&#8243; column_shadow=\u00bbnone\u00bb width=\u00bb1\/2&#8243; tablet_text_alignment=\u00bbdefault\u00bb phone_text_alignment=\u00bbdefault\u00bb column_border_width=\u00bbnone\u00bb column_border_style=\u00bbsolid\u00bb][vc_row_inner content_placement=\u00bbmiddle\u00bb column_margin=\u00bbdefault\u00bb text_align=\u00bbleft\u00bb class=\u00bbequal-height-images\u00bb css=\u00bb.vc_custom_1523951568705{margin-bottom: 20px !important;}\u00bb][vc_column_inner column_padding=\u00bbpadding-2-percent\u00bb column_padding_position=\u00bbright\u00bb background_color_opacity=\u00bb1&#8243; width=\u00bb1\/2&#8243; column_border_width=\u00bbnone\u00bb column_border_style=\u00bbsolid\u00bb][image_with_animation image_url=\u00bb6651&#8243; alignment=\u00bb\u00bb animation=\u00bbFade In\u00bb img_link_target=\u00bb_blank\u00bb box_shadow=\u00bbnone\u00bb max_width=\u00bb100%\u00bb img_link=\u00bbhttp:\/\/www.minerva.nl\/nl\/project\/80\/suisse-st-prex\u00bb][vc_custom_heading text=\u00bbChal\u00e9 de 45 millones de euros en Ginebra\u00bb font_container=\u00bbtag:h5|text_align:center|color:%23444444&#8243; use_theme_fonts=\u00bbyes\u00bb css_animation=\u00bbfadeInUp\u00bb css=\u00bb.vc_custom_1526652459079{padding-top: 10px !important;}\u00bb][\/vc_column_inner][vc_column_inner column_padding=\u00bbno-extra-padding\u00bb column_padding_position=\u00bball\u00bb background_color_opacity=\u00bb1&#8243; width=\u00bb1\/2&#8243; column_border_width=\u00bbnone\u00bb column_border_style=\u00bbsolid\u00bb][image_with_animation image_url=\u00bb6650&#8243; alignment=\u00bb\u00bb animation=\u00bbFade In\u00bb img_link_target=\u00bb_blank\u00bb box_shadow=\u00bbnone\u00bb max_width=\u00bb100%\u00bb img_link=\u00bbhttp:\/\/www.minerva.nl\/nl\/project\/82\/amsterdam-koninginneweg-1&#8243;][vc_custom_heading text=\u00bb5 apartamentos de lujo en Amsterdam\u00bb font_container=\u00bbtag:h5|text_align:center|color:%23444444&#8243; use_theme_fonts=\u00bbyes\u00bb css_animation=\u00bbfadeInUp\u00bb css=\u00bb.vc_custom_1526652466082{padding-top: 10px !important;}\u00bb][\/vc_column_inner][\/vc_row_inner][vc_row_inner content_placement=\u00bbmiddle\u00bb column_margin=\u00bbdefault\u00bb text_align=\u00bbleft\u00bb class=\u00bbequal-height-images\u00bb css=\u00bb.vc_custom_1523951359691{margin-bottom: 20px !important;}\u00bb][vc_column_inner column_padding=\u00bbpadding-2-percent\u00bb column_padding_position=\u00bbright\u00bb background_color_opacity=\u00bb1&#8243; width=\u00bb1\/2&#8243; column_border_width=\u00bbnone\u00bb column_border_style=\u00bbsolid\u00bb][image_with_animation image_url=\u00bb6653&#8243; alignment=\u00bb\u00bb animation=\u00bbFade In\u00bb img_link_target=\u00bb_blank\u00bb box_shadow=\u00bbnone\u00bb max_width=\u00bb100%\u00bb img_link=\u00bbhttp:\/\/www.minerva.nl\/nl\/project\/27\/haarlem-hendrik-figeeweg-1&#8243;][vc_custom_heading text=\u00bbEspacio de oficina en Haarlem\u00bb font_container=\u00bbtag:h5|text_align:center|color:%23444444&#8243; use_theme_fonts=\u00bbyes\u00bb css_animation=\u00bbfadeInUp\u00bb css=\u00bb.vc_custom_1526652477604{padding-top: 10px !important;}\u00bb][\/vc_column_inner][vc_column_inner column_padding=\u00bbno-extra-padding\u00bb column_padding_position=\u00bball\u00bb background_color_opacity=\u00bb1&#8243; width=\u00bb1\/2&#8243; column_border_width=\u00bbnone\u00bb column_border_style=\u00bbsolid\u00bb][image_with_animation image_url=\u00bb6722&#8243; alignment=\u00bb\u00bb animation=\u00bbFade In\u00bb img_link_target=\u00bb_blank\u00bb box_shadow=\u00bbnone\u00bb max_width=\u00bb100%\u00bb img_link=\u00bbhttp:\/\/www.minerva.nl\/en\/project\/68\/ibiza-carrer-chandri\u00bb][vc_custom_heading text=\u00bbCap Blanc Ibiza\u00bb font_container=\u00bbtag:h5|text_align:center|color:%23444444&#8243; use_theme_fonts=\u00bbyes\u00bb css_animation=\u00bbfadeInUp\u00bb css=\u00bb.vc_custom_1523954975522{padding-top: 10px !important;}\u00bb][\/vc_column_inner][\/vc_row_inner][vc_row_inner column_margin=\u00bbdefault\u00bb text_align=\u00bbleft\u00bb class=\u00bbequal-height-images\u00bb css=\u00bb.vc_custom_1523951525797{margin-bottom: 20px !important;}\u00bb][vc_column_inner column_padding=\u00bbpadding-2-percent\u00bb column_padding_position=\u00bbright\u00bb background_color_opacity=\u00bb1&#8243; width=\u00bb1\/2&#8243; column_border_width=\u00bbnone\u00bb column_border_style=\u00bbsolid\u00bb][image_with_animation image_url=\u00bb6758&#8243; alignment=\u00bb\u00bb animation=\u00bbFade In\u00bb img_link_target=\u00bb_blank\u00bb box_shadow=\u00bbnone\u00bb max_width=\u00bb100%\u00bb img_link=\u00bbhttp:\/\/www.minerva.nl\/en\/project\/59\/amsterdam-isolatorweg-45&#8243;][vc_custom_heading text=\u00bbCentro veterinario Amsterdam\u00bb font_container=\u00bbtag:h5|text_align:center|color:%23444444&#8243; use_theme_fonts=\u00bbyes\u00bb css_animation=\u00bbfadeInUp\u00bb css=\u00bb.vc_custom_1526652484834{padding-top: 10px !important;}\u00bb][\/vc_column_inner][vc_column_inner column_padding=\u00bbno-extra-padding\u00bb column_padding_position=\u00bball\u00bb background_color_opacity=\u00bb1&#8243; width=\u00bb1\/2&#8243; column_border_width=\u00bbnone\u00bb column_border_style=\u00bbsolid\u00bb][image_with_animation image_url=\u00bb6885&#8243; alignment=\u00bb\u00bb animation=\u00bbFade In\u00bb img_link_target=\u00bb_blank\u00bb box_shadow=\u00bbnone\u00bb max_width=\u00bb100%\u00bb img_link=\u00bbhttp:\/\/www.minerva.nl\/en\/project\/62\/haarlemmermeer-incheonweg\u00bb][vc_custom_heading text=\u00bbCentro de distribuci\u00f3n aeropuerto de Schiphol\u00bb font_container=\u00bbtag:h5|text_align:center|color:%23444444&#8243; use_theme_fonts=\u00bbyes\u00bb css_animation=\u00bbfadeInUp\u00bb css=\u00bb.vc_custom_1526652491860{padding-top: 10px !important;}\u00bb][\/vc_column_inner][\/vc_row_inner][\/vc_column][\/vc_row]\n","protected":false},"excerpt":{"rendered":"<p>[vc_row type=\u00bbfull_width_background\u00bb full_screen_row_position=\u00bbmiddle\u00bb bg_image=\u00bb6798&#8243; bg_position=\u00bbcenter center\u00bb bg_repeat=\u00bbno-repeat\u00bb parallax_bg=\u00bbtrue\u00bb parallax_bg_speed=\u00bbfast\u00bb bg_color=\u00bb#333333&#8243; scene_position=\u00bbcenter\u00bb video_bg=\u00bbuse_video\u00bb video_mute=\u00bbtrue\u00bb text_color=\u00bblight\u00bb text_align=\u00bbleft\u00bb&#8230;<\/p>\n","protected":false},"author":2,"featured_media":0,"parent":0,"menu_order":0,"comment_status":"closed","ping_status":"closed","template":"","meta":{"footnotes":""},"class_list":["post-7085","page","type-page","status-publish"],"_links":{"self":[{"href":"https:\/\/capblancibiza.com\/es\/wp-json\/wp\/v2\/pages\/7085","targetHints":{"allow":["GET"]}}],"collection":[{"href":"https:\/\/capblancibiza.com\/es\/wp-json\/wp\/v2\/pages"}],"about":[{"href":"https:\/\/capblancibiza.com\/es\/wp-json\/wp\/v2\/types\/page"}],"author":[{"embeddable":true,"href":"https:\/\/capblancibiza.com\/es\/wp-json\/wp\/v2\/users\/2"}],"replies":[{"embeddable":true,"href":"https:\/\/capblancibiza.com\/es\/wp-json\/wp\/v2\/comments?post=7085"}],"version-history":[{"count":4,"href":"https:\/\/capblancibiza.com\/es\/wp-json\/wp\/v2\/pages\/7085\/revisions"}],"predecessor-version":[{"id":7233,"href":"https:\/\/capblancibiza.com\/es\/wp-json\/wp\/v2\/pages\/7085\/revisions\/7233"}],"wp:attachment":[{"href":"https:\/\/capblancibiza.com\/es\/wp-json\/wp\/v2\/media?parent=7085"}],"curies":[{"name":"wp","href":"https:\/\/api.w.org\/{rel}","templated":true}]}}