{"id":7047,"date":"2018-05-18T13:31:08","date_gmt":"2018-05-18T13:31:08","guid":{"rendered":"https:\/\/capblancibiza.com\/?page_id=7047"},"modified":"2022-02-14T13:44:40","modified_gmt":"2022-02-14T13:44:40","slug":"kontakt","status":"publish","type":"page","link":"https:\/\/capblancibiza.com\/de\/kontakt\/","title":{"rendered":"Kontakt"},"content":{"rendered":"[vc_row type=&#8220;full_width_background&#8220; full_screen_row_position=&#8220;middle&#8220; equal_height=&#8220;yes&#8220; bg_image=&#8220;6811&#8243; bg_position=&#8220;center center&#8220; bg_repeat=&#8220;no-repeat&#8220; parallax_bg=&#8220;true&#8220; parallax_bg_speed=&#8220;fast&#8220; scene_position=&#8220;center&#8220; video_bg=&#8220;use_video&#8220; video_mute=&#8220;true&#8220; text_color=&#8220;light&#8220; text_align=&#8220;left&#8220; top_padding=&#8220;13%&#8220; bottom_padding=&#8220;13%&#8220; overlay_strength=&#8220;0.5&#8243;][vc_column column_padding=&#8220;padding-3-percent&#8220; column_padding_position=&#8220;all&#8220; background_color=&#8220;rgba(68,68,68,0.3)&#8220; background_color_opacity=&#8220;1&#8243; background_hover_color_opacity=&#8220;1&#8243; column_shadow=&#8220;none&#8220; width=&#8220;1\/2&#8243; tablet_text_alignment=&#8220;default&#8220; phone_text_alignment=&#8220;default&#8220; column_border_width=&#8220;none&#8220; column_border_style=&#8220;solid&#8220;][vc_custom_heading text=&#8220;Gef\u00e4llt Ihnen, was Sie sehen?&#8220; font_container=&#8220;tag:h5|text_align:left|color:rgba(255%2C255%2C255%2C0.74)&#8220; use_theme_fonts=&#8220;yes&#8220; css_animation=&#8220;fadeInUp&#8220;][split_line_heading]\n<div class=\"page-header\">\n<h1>Kontakt<\/h1>\n<\/div>\n[\/split_line_heading][\/vc_column][vc_column column_padding=&#8220;no-extra-padding&#8220; column_padding_position=&#8220;all&#8220; background_color_opacity=&#8220;1&#8243; background_hover_color_opacity=&#8220;1&#8243; column_shadow=&#8220;none&#8220; width=&#8220;1\/2&#8243; tablet_text_alignment=&#8220;default&#8220; phone_text_alignment=&#8220;default&#8220; column_border_width=&#8220;none&#8220; column_border_style=&#8220;solid&#8220;][\/vc_column][\/vc_row][vc_row type=&#8220;in_container&#8220; full_screen_row_position=&#8220;middle&#8220; scene_position=&#8220;center&#8220; text_color=&#8220;dark&#8220; text_align=&#8220;left&#8220; top_padding=&#8220;100&#8243; bottom_padding=&#8220;100&#8243; overlay_strength=&#8220;0.3&#8243;][vc_column column_padding=&#8220;padding-2-percent&#8220; column_padding_position=&#8220;right&#8220; background_color_opacity=&#8220;1&#8243; background_hover_color_opacity=&#8220;1&#8243; column_shadow=&#8220;none&#8220; width=&#8220;1\/2&#8243; tablet_text_alignment=&#8220;default&#8220; phone_text_alignment=&#8220;default&#8220; column_border_width=&#8220;none&#8220; column_border_style=&#8220;solid&#8220;][vc_column_text css=&#8220;.vc_custom_1526650147526{margin-bottom: 10px !important;}&#8220;]\n<h2>Kontaktieren Sie uns, um weitere Informationen zu erhalten<\/h2>\n[\/vc_column_text][vc_column_text]\n<p class=\"vc_custom_heading vc_custom_1517317614583\">Falls Ihnen gef\u00e4llt, was Sie sehen, und falls Sie gerne mehr \u00fcber die M\u00f6glichkeiten zum Eigentumserwerb in Cap Blanc Ibiza erfahren m\u00f6chten, dann kontaktieren Sie uns einfach oder fordern Sie eine Brosch\u00fcre an.<\/p>\n<p><b>Minerva Development Ibiza S.L.<\/b><br \/>\nMinervalaan 28<br \/>\n1077 NZ Amsterdam<br \/>\nT. <a href=\"tel:310204715783\">+31 (0)20 471 57 83<\/a><br \/>\n<a href=\"mailto:info@minerva.nl\">info@minerva.nl<\/a> \/ www.minerva.nl[\/vc_column_text][\/vc_column][vc_column column_padding=&#8220;no-extra-padding&#8220; column_padding_position=&#8220;all&#8220; background_color_opacity=&#8220;1&#8243; background_hover_color_opacity=&#8220;1&#8243; column_shadow=&#8220;none&#8220; width=&#8220;1\/2&#8243; tablet_text_alignment=&#8220;default&#8220; phone_text_alignment=&#8220;default&#8220; column_border_width=&#8220;none&#8220; column_border_style=&#8220;solid&#8220;][vc_column_text css=&#8220;.vc_custom_1526650216678{margin-bottom: 10px !important;}&#8220;]\n<h2>Weitere Informationen<\/h2>\n[\/vc_column_text][vc_row_inner column_margin=&#8220;default&#8220; text_align=&#8220;left&#8220;][vc_column_inner column_padding=&#8220;no-extra-padding&#8220; column_padding_position=&#8220;all&#8220; background_color_opacity=&#8220;1&#8243; width=&#8220;1\/1&#8243; column_border_width=&#8220;none&#8220; column_border_style=&#8220;solid&#8220;][nectar_btn size=&#8220;large&#8220; button_style=&#8220;regular&#8220; button_color_2=&#8220;Extra-Color-3&#8243; color_override=&#8220;#a4bfca&#8220; icon_family=&#8220;none&#8220; el_class=&#8220;costumbutton&#8220; url=&#8220;#popmake-7383&#8243; text=&#8220;preise&#8220; margin_top=&#8220;25&#8243;][\/vc_column_inner][\/vc_row_inner][vc_row_inner column_margin=&#8220;default&#8220; text_align=&#8220;left&#8220;][vc_column_inner column_padding=&#8220;no-extra-padding&#8220; column_padding_position=&#8220;all&#8220; background_color_opacity=&#8220;1&#8243; width=&#8220;1\/1&#8243; column_border_width=&#8220;none&#8220; column_border_style=&#8220;solid&#8220;][nectar_btn size=&#8220;large&#8220; button_style=&#8220;regular&#8220; button_color_2=&#8220;Extra-Color-3&#8243; color_override=&#8220;#a4bfca&#8220; icon_family=&#8220;none&#8220; el_class=&#8220;costumbutton&#8220; url=&#8220;#popmake-7393&#8243; text=&#8220;liste mit annehmlichkeiten&#8220; margin_top=&#8220;25&#8243;][\/vc_column_inner][\/vc_row_inner][vc_row_inner column_margin=&#8220;default&#8220; text_align=&#8220;left&#8220;][vc_column_inner column_padding=&#8220;no-extra-padding&#8220; column_padding_position=&#8220;all&#8220; background_color_opacity=&#8220;1&#8243; width=&#8220;1\/1&#8243; column_border_width=&#8220;none&#8220; column_border_style=&#8220;solid&#8220;][nectar_btn size=&#8220;large&#8220; button_style=&#8220;regular&#8220; button_color_2=&#8220;Extra-Color-3&#8243; color_override=&#8220;#a4bfca&#8220; icon_family=&#8220;none&#8220; el_class=&#8220;costumbutton&#8220; url=&#8220;#popmake-7396&#8243; text=&#8220;den grundriss von Cap Blanc herunterladen&#8220; margin_top=&#8220;25&#8243;][\/vc_column_inner][\/vc_row_inner][vc_row_inner column_margin=&#8220;default&#8220; text_align=&#8220;left&#8220;][vc_column_inner column_padding=&#8220;no-extra-padding&#8220; column_padding_position=&#8220;all&#8220; background_color_opacity=&#8220;1&#8243; width=&#8220;1\/1&#8243; column_border_width=&#8220;none&#8220; column_border_style=&#8220;solid&#8220;][nectar_btn size=&#8220;large&#8220; button_style=&#8220;regular&#8220; button_color_2=&#8220;Extra-Color-3&#8243; color_override=&#8220;#a4bfca&#8220; icon_family=&#8220;none&#8220; el_class=&#8220;costumbutton&#8220; url=&#8220;#popmake-7390&#8243; text=&#8220;planen sie ihren besuch&#8220; margin_top=&#8220;25&#8243;][\/vc_column_inner][\/vc_row_inner][\/vc_column][\/vc_row]\n","protected":false},"excerpt":{"rendered":"<p>[vc_row type=&#8220;full_width_background&#8220; full_screen_row_position=&#8220;middle&#8220; equal_height=&#8220;yes&#8220; bg_image=&#8220;6811&#8243; bg_position=&#8220;center center&#8220; bg_repeat=&#8220;no-repeat&#8220; parallax_bg=&#8220;true&#8220; parallax_bg_speed=&#8220;fast&#8220; scene_position=&#8220;center&#8220; video_bg=&#8220;use_video&#8220; video_mute=&#8220;true&#8220; text_color=&#8220;light&#8220; text_align=&#8220;left&#8220;&#8230;<\/p>\n","protected":false},"author":2,"featured_media":0,"parent":0,"menu_order":0,"comment_status":"closed","ping_status":"closed","template":"","meta":{"footnotes":""},"class_list":["post-7047","page","type-page","status-publish"],"_links":{"self":[{"href":"https:\/\/capblancibiza.com\/de\/wp-json\/wp\/v2\/pages\/7047","targetHints":{"allow":["GET"]}}],"collection":[{"href":"https:\/\/capblancibiza.com\/de\/wp-json\/wp\/v2\/pages"}],"about":[{"href":"https:\/\/capblancibiza.com\/de\/wp-json\/wp\/v2\/types\/page"}],"author":[{"embeddable":true,"href":"https:\/\/capblancibiza.com\/de\/wp-json\/wp\/v2\/users\/2"}],"replies":[{"embeddable":true,"href":"https:\/\/capblancibiza.com\/de\/wp-json\/wp\/v2\/comments?post=7047"}],"version-history":[{"count":8,"href":"https:\/\/capblancibiza.com\/de\/wp-json\/wp\/v2\/pages\/7047\/revisions"}],"predecessor-version":[{"id":7399,"href":"https:\/\/capblancibiza.com\/de\/wp-json\/wp\/v2\/pages\/7047\/revisions\/7399"}],"wp:attachment":[{"href":"https:\/\/capblancibiza.com\/de\/wp-json\/wp\/v2\/media?parent=7047"}],"curies":[{"name":"wp","href":"https:\/\/api.w.org\/{rel}","templated":true}]}}