{"id":7032,"date":"2018-05-18T13:12:40","date_gmt":"2018-05-18T13:12:40","guid":{"rendered":"https:\/\/capblancibiza.com\/?page_id=7032"},"modified":"2021-07-22T12:20:42","modified_gmt":"2021-07-22T12:20:42","slug":"die-villen","status":"publish","type":"page","link":"https:\/\/capblancibiza.com\/de\/die-villen\/","title":{"rendered":"Die Villen"},"content":{"rendered":"[vc_row type=&#8220;full_width_background&#8220; full_screen_row_position=&#8220;middle&#8220; bg_image=&#8220;6440&#8243; bg_position=&#8220;center center&#8220; bg_repeat=&#8220;no-repeat&#8220; parallax_bg=&#8220;true&#8220; parallax_bg_speed=&#8220;fast&#8220; bg_color=&#8220;#333333&#8243; scene_position=&#8220;center&#8220; video_bg=&#8220;use_video&#8220; video_mute=&#8220;true&#8220; text_color=&#8220;light&#8220; text_align=&#8220;left&#8220; top_padding=&#8220;13%&#8220; bottom_padding=&#8220;13%&#8220; overlay_strength=&#8220;0.3&#8243;][vc_column column_padding=&#8220;padding-3-percent&#8220; column_padding_position=&#8220;all&#8220; background_color=&#8220;rgba(68,68,68,0.3)&#8220; background_color_opacity=&#8220;1&#8243; background_hover_color_opacity=&#8220;1&#8243; column_shadow=&#8220;none&#8220; width=&#8220;1\/2&#8243; tablet_text_alignment=&#8220;default&#8220; phone_text_alignment=&#8220;default&#8220; column_border_width=&#8220;none&#8220; column_border_style=&#8220;solid&#8220;][split_line_heading]\n<div class=\"page-header\">\n<h1>Die Villen &#8211; Luxus und Qualit\u00e4t<\/h1>\n<\/div>\n[\/split_line_heading][vc_row_inner column_margin=&#8220;default&#8220; text_align=&#8220;left&#8220;][vc_column_inner enable_animation=&#8220;true&#8220; animation=&#8220;fade-in-from-bottom&#8220; column_padding=&#8220;no-extra-padding&#8220; column_padding_position=&#8220;all&#8220; background_color_opacity=&#8220;1&#8243; width=&#8220;5\/6&#8243; column_border_width=&#8220;none&#8220; column_border_style=&#8220;solid&#8220; delay=&#8220;300&#8243;][\/vc_column_inner][vc_column_inner column_padding=&#8220;no-extra-padding&#8220; column_padding_position=&#8220;all&#8220; background_color_opacity=&#8220;1&#8243; width=&#8220;1\/6&#8243; column_border_width=&#8220;none&#8220; column_border_style=&#8220;solid&#8220;][\/vc_column_inner][\/vc_row_inner][\/vc_column][vc_column column_padding=&#8220;no-extra-padding&#8220; column_padding_position=&#8220;all&#8220; background_color_opacity=&#8220;1&#8243; background_hover_color_opacity=&#8220;1&#8243; column_shadow=&#8220;none&#8220; width=&#8220;1\/2&#8243; tablet_text_alignment=&#8220;default&#8220; phone_text_alignment=&#8220;default&#8220; column_border_width=&#8220;none&#8220; column_border_style=&#8220;solid&#8220;][\/vc_column][\/vc_row][vc_row type=&#8220;full_width_content&#8220; full_screen_row_position=&#8220;middle&#8220; equal_height=&#8220;yes&#8220; content_placement=&#8220;middle&#8220; bg_color=&#8220;#f4f4f4&#8243; scene_position=&#8220;center&#8220; text_color=&#8220;dark&#8220; text_align=&#8220;left&#8220; class=&#8220;content-below-header&#8220; overlay_strength=&#8220;0.3&#8243;][vc_column column_padding=&#8220;padding-10-percent&#8220; column_padding_position=&#8220;all&#8220; background_color=&#8220;#f4f4f4&#8243; background_color_opacity=&#8220;1&#8243; background_hover_color_opacity=&#8220;1&#8243; column_shadow=&#8220;none&#8220; width=&#8220;1\/2&#8243; tablet_text_alignment=&#8220;default&#8220; phone_text_alignment=&#8220;default&#8220; column_border_width=&#8220;none&#8220; column_border_style=&#8220;solid&#8220;][vc_row_inner column_margin=&#8220;default&#8220; text_align=&#8220;left&#8220;][vc_column_inner column_padding=&#8220;no-extra-padding&#8220; column_padding_position=&#8220;all&#8220; background_color_opacity=&#8220;1&#8243; width=&#8220;1\/1&#8243; column_border_width=&#8220;none&#8220; column_border_style=&#8220;solid&#8220;][vc_custom_heading text=&#8220;Eine Kooperation zwischen f\u00fchrenden Architekten&#8220; font_container=&#8220;tag:h2|font_size:40|text_align:left|line_height:50px&#8220; use_theme_fonts=&#8220;yes&#8220;][vc_column_text css=&#8220;.vc_custom_1526648951965{margin-top: 10px !important;margin-bottom: 20px !important;}&#8220;]\n<p class=\"vc_custom_heading\">Das \u00fcbergeordnete Konzept basiert auf der Arbeit des niederl\u00e4ndischen Architekten Dick Venneman von dem in Amsterdam ans\u00e4ssigen Architekturb\u00fcro Dedato Architecten en Ontwerpers. Zu seinen weiteren Projekten z\u00e4hlen unter anderem die niederl\u00e4ndische Hauptgesch\u00e4ftsstelle von Diesel und das Amsterdam Theater, das speziell f\u00fcr ein St\u00fcck \u00fcber Anne Frank gebaut worden ist. Die Innenausstattung der Villen stammt von Estudio IN unter der Leitung des spanischen Designers David Alayeto, der sich unter anderem f\u00fcr die Innenausstattung des Destino Pacha Ibiza Resort, des Clubs Lio Ibiza und des Clubs Hotel Pacha Dubai verantwortlich zeigt. Dieses Spitzenensemble wird durch ein Team lokaler Bauingenieure unter der Leitung des erfahrenen spanischen Architekten Carlos Soler erg\u00e4nzt.<\/p>\n[\/vc_column_text][nectar_btn size=&#8220;large&#8220; button_style=&#8220;see-through-2&#8243; color_override=&#8220;#333333&#8243; hover_color_override=&#8220;#a4bfca&#8220; hover_text_color_override=&#8220;#ffffff&#8220; icon_family=&#8220;none&#8220; url=&#8220;\/de\/kontakt&#8220; text=&#8220;weitere informationen&#8220; css_animation=&#8220;slideInUp&#8220; margin_top=&#8220;50&#8243;][\/vc_column_inner][\/vc_row_inner][\/vc_column][vc_column column_padding=&#8220;no-extra-padding&#8220; column_padding_position=&#8220;all&#8220; background_color_opacity=&#8220;1&#8243; background_hover_color_opacity=&#8220;1&#8243; background_image=&#8220;7354&#8243; enable_bg_scale=&#8220;true&#8220; top_margin=&#8220;36&#8243; column_shadow=&#8220;none&#8220; width=&#8220;1\/2&#8243; tablet_text_alignment=&#8220;default&#8220; phone_text_alignment=&#8220;default&#8220; column_border_width=&#8220;none&#8220; column_border_style=&#8220;solid&#8220;][\/vc_column][\/vc_row][vc_row type=&#8220;full_width_content&#8220; full_screen_row_position=&#8220;middle&#8220; equal_height=&#8220;yes&#8220; content_placement=&#8220;middle&#8220; bg_color=&#8220;#232323&#8243; scene_position=&#8220;center&#8220; text_color=&#8220;dark&#8220; text_align=&#8220;left&#8220; overlay_strength=&#8220;0.3&#8243;][vc_column column_padding=&#8220;no-extra-padding&#8220; column_padding_position=&#8220;all&#8220; background_color_opacity=&#8220;1&#8243; background_hover_color_opacity=&#8220;1&#8243; background_image=&#8220;7363&#8243; enable_bg_scale=&#8220;true&#8220; column_shadow=&#8220;none&#8220; width=&#8220;1\/2&#8243; tablet_text_alignment=&#8220;default&#8220; phone_text_alignment=&#8220;default&#8220; column_border_width=&#8220;none&#8220; column_border_style=&#8220;solid&#8220;][\/vc_column][vc_column column_padding=&#8220;padding-10-percent&#8220; column_padding_position=&#8220;all&#8220; background_color=&#8220;#ffffff&#8220; background_color_opacity=&#8220;1&#8243; background_hover_color_opacity=&#8220;1&#8243; column_shadow=&#8220;none&#8220; width=&#8220;1\/2&#8243; tablet_text_alignment=&#8220;default&#8220; phone_text_alignment=&#8220;default&#8220; column_border_width=&#8220;none&#8220; column_border_style=&#8220;solid&#8220;][vc_row_inner column_margin=&#8220;default&#8220; text_align=&#8220;left&#8220;][vc_column_inner column_padding=&#8220;no-extra-padding&#8220; column_padding_position=&#8220;all&#8220; background_color_opacity=&#8220;1&#8243; width=&#8220;1\/1&#8243; column_border_width=&#8220;none&#8220; column_border_style=&#8220;solid&#8220;][vc_custom_heading text=&#8220;Inspiriert durch brasilianisches Design&#8220; font_container=&#8220;tag:h2|font_size:40|text_align:left|line_height:50px&#8220; use_theme_fonts=&#8220;yes&#8220;][vc_column_text css=&#8220;.vc_custom_1526648973158{margin-top: 10px !important;margin-bottom: 20px !important;}&#8220;]\n<p class=\"vc_custom_heading\">Cap Blanc Ibiza ist durch zeitgen\u00f6ssisches brasilianisches Design inspiriert. Au\u00dfenbereiche und Innenbereiche verschmelzen flie\u00dfend miteinander, da jede Welt durch die andere Welt in einem reibungslosen Zusammenspiel erg\u00e4nzt wird.<\/p>\n[\/vc_column_text][\/vc_column_inner][\/vc_row_inner][\/vc_column][\/vc_row][vc_row type=&#8220;full_width_content&#8220; full_screen_row_position=&#8220;middle&#8220; equal_height=&#8220;yes&#8220; content_placement=&#8220;middle&#8220; bg_color=&#8220;#232323&#8243; scene_position=&#8220;center&#8220; text_color=&#8220;dark&#8220; text_align=&#8220;left&#8220; overlay_strength=&#8220;0.3&#8243;][vc_column column_padding=&#8220;padding-10-percent&#8220; column_padding_position=&#8220;all&#8220; background_color=&#8220;#f4f4f4&#8243; background_color_opacity=&#8220;1&#8243; background_hover_color_opacity=&#8220;1&#8243; column_shadow=&#8220;none&#8220; width=&#8220;1\/2&#8243; tablet_text_alignment=&#8220;default&#8220; phone_text_alignment=&#8220;default&#8220; column_border_width=&#8220;none&#8220; column_border_style=&#8220;solid&#8220;][vc_row_inner column_margin=&#8220;default&#8220; text_align=&#8220;left&#8220;][vc_column_inner column_padding=&#8220;no-extra-padding&#8220; column_padding_position=&#8220;all&#8220; background_color_opacity=&#8220;1&#8243; width=&#8220;1\/1&#8243; column_border_width=&#8220;none&#8220; column_border_style=&#8220;solid&#8220;][vc_custom_heading text=&#8220;Viel Wohnraum &#8220; font_container=&#8220;tag:h2|font_size:40|text_align:left|line_height:50px&#8220; use_theme_fonts=&#8220;yes&#8220;][vc_column_text css=&#8220;.vc_custom_1526648999304{margin-top: 10px !important;margin-bottom: 20px !important;}&#8220;]\n<p class=\"vc_custom_heading\">Alle Grundst\u00fccke sind mindestens jeweils 1.000 m2 gro\u00df und die Villen bieten verteilt auf drei Etagen zwischen 600 m2 und 950 m2 Raum. Alle H\u00e4user verf\u00fcgen \u00fcber einen beheizten, privaten Swimmingpool und \u00fcber 5 bis 7 Schlafzimmer mit En-suite-Ausstattung, die verschiedene Annehmlichkeiten bieten.<\/p>\n[\/vc_column_text][\/vc_column_inner][\/vc_row_inner][\/vc_column][vc_column column_padding=&#8220;no-extra-padding&#8220; column_padding_position=&#8220;all&#8220; background_color=&#8220;#ffffff&#8220; background_color_opacity=&#8220;1&#8243; background_hover_color_opacity=&#8220;1&#8243; column_shadow=&#8220;none&#8220; width=&#8220;1\/2&#8243; tablet_text_alignment=&#8220;default&#8220; phone_text_alignment=&#8220;default&#8220; column_border_width=&#8220;none&#8220; column_border_style=&#8220;solid&#8220;][vc_gallery type=&#8220;nectarslider_style&#8220; images=&#8220;6901,6900,6899&#8243; bullet_navigation=&#8220;true&#8220; bullet_navigation_style=&#8220;scale&#8220; onclick=&#8220;link_no&#8220; img_size=&#8220;1180&#215;804&#8243;][\/vc_column][\/vc_row][vc_row type=&#8220;full_width_content&#8220; full_screen_row_position=&#8220;middle&#8220; equal_height=&#8220;yes&#8220; content_placement=&#8220;middle&#8220; bg_color=&#8220;#232323&#8243; scene_position=&#8220;center&#8220; text_color=&#8220;dark&#8220; text_align=&#8220;left&#8220; overlay_strength=&#8220;0.3&#8243;][vc_column column_padding=&#8220;no-extra-padding&#8220; column_padding_position=&#8220;all&#8220; background_color_opacity=&#8220;1&#8243; background_hover_color_opacity=&#8220;1&#8243; background_image=&#8220;7364&#8243; enable_bg_scale=&#8220;true&#8220; column_shadow=&#8220;none&#8220; width=&#8220;1\/2&#8243; tablet_text_alignment=&#8220;default&#8220; phone_text_alignment=&#8220;default&#8220; column_border_width=&#8220;none&#8220; column_border_style=&#8220;solid&#8220;][\/vc_column][vc_column column_padding=&#8220;padding-10-percent&#8220; column_padding_position=&#8220;all&#8220; background_color=&#8220;#f4f4f4&#8243; background_color_opacity=&#8220;1&#8243; background_hover_color_opacity=&#8220;1&#8243; column_shadow=&#8220;none&#8220; width=&#8220;1\/2&#8243; tablet_text_alignment=&#8220;default&#8220; phone_text_alignment=&#8220;default&#8220; column_border_width=&#8220;none&#8220; column_border_style=&#8220;solid&#8220;][vc_row_inner column_margin=&#8220;default&#8220; text_align=&#8220;left&#8220;][vc_column_inner column_padding=&#8220;no-extra-padding&#8220; column_padding_position=&#8220;all&#8220; background_color_opacity=&#8220;1&#8243; width=&#8220;1\/1&#8243; column_border_width=&#8220;none&#8220; column_border_style=&#8220;solid&#8220;][vc_custom_heading text=&#8220;Merkmale&#8220; font_container=&#8220;tag:h2|font_size:40|text_align:left|line_height:50px&#8220; use_theme_fonts=&#8220;yes&#8220;][vc_column_text]Zu den bemerkenswertesten Merkmalen z\u00e4hlen die raumhohen Fenster, die eine uneingeschr\u00e4nkte Sicht auf das Meer bieten, die Fu\u00dfbodenheizung, der private Pool und die Garage f\u00fcr mindestens 2 Autos.[\/vc_column_text][\/vc_column_inner][\/vc_row_inner][\/vc_column][\/vc_row][vc_row type=&#8220;full_width_content&#8220; full_screen_row_position=&#8220;middle&#8220; equal_height=&#8220;yes&#8220; content_placement=&#8220;middle&#8220; bg_color=&#8220;#232323&#8243; scene_position=&#8220;center&#8220; text_color=&#8220;dark&#8220; text_align=&#8220;left&#8220; overlay_strength=&#8220;0.3&#8243;][vc_column column_padding=&#8220;padding-10-percent&#8220; column_padding_position=&#8220;all&#8220; background_color=&#8220;#f4f4f4&#8243; background_color_opacity=&#8220;1&#8243; background_hover_color_opacity=&#8220;1&#8243; column_shadow=&#8220;none&#8220; width=&#8220;1\/2&#8243; tablet_text_alignment=&#8220;default&#8220; phone_text_alignment=&#8220;default&#8220; column_border_width=&#8220;none&#8220; column_border_style=&#8220;solid&#8220;][vc_row_inner column_margin=&#8220;default&#8220; text_align=&#8220;left&#8220;][vc_column_inner column_padding=&#8220;no-extra-padding&#8220; column_padding_position=&#8220;all&#8220; background_color_opacity=&#8220;1&#8243; width=&#8220;1\/1&#8243; column_border_width=&#8220;none&#8220; column_border_style=&#8220;solid&#8220;][vc_custom_heading text=&#8220;Exzellente Annehmlichkeiten&#8220; font_container=&#8220;tag:h2|font_size:40|text_align:left|line_height:50px&#8220; use_theme_fonts=&#8220;yes&#8220;][vc_column_text]Die 9 Residenzen, die Cap Blanc bilden, bieten unvergleichliche Annehmlichkeiten und Ausstattungsmerkmale f\u00fcr alle diejenigen, die einen Ort suchen, um luxuri\u00f6s zu entspannen, darunter;<br \/>\n\u2022 Abgeschlossene Wohnanlage<br \/>\n\u2022 Hausdienst<br \/>\n\u2022 Pers\u00f6nlicher Koch auf Abruf<br \/>\n\u2022 Concierge-Dienst<br \/>\n\u2022 Spa-, Sch\u00f6nheits- und Massagebehandlungen in Ihrem Haus<br \/>\n[\/vc_column_text][nectar_btn size=&#8220;large&#8220; button_style=&#8220;see-through-2&#8243; color_override=&#8220;#333333&#8243; hover_color_override=&#8220;#a4bfca&#8220; hover_text_color_override=&#8220;#ffffff&#8220; icon_family=&#8220;none&#8220; url=&#8220;#popmake-6845&#8243; text=&#8220;die liste mit annehmlichkeiten herunterladen&#8220; margin_top=&#8220;50&#8243;][\/vc_column_inner][\/vc_row_inner][\/vc_column][vc_column column_padding=&#8220;no-extra-padding&#8220; column_padding_position=&#8220;all&#8220; background_color_opacity=&#8220;1&#8243; background_hover_color_opacity=&#8220;1&#8243; background_image=&#8220;7356&#8243; enable_bg_scale=&#8220;true&#8220; column_shadow=&#8220;none&#8220; width=&#8220;1\/2&#8243; tablet_text_alignment=&#8220;default&#8220; phone_text_alignment=&#8220;default&#8220; column_border_width=&#8220;none&#8220; column_border_style=&#8220;solid&#8220;][\/vc_column][\/vc_row][vc_row type=&#8220;full_width_content&#8220; full_screen_row_position=&#8220;middle&#8220; equal_height=&#8220;yes&#8220; content_placement=&#8220;middle&#8220; bg_color=&#8220;#232323&#8243; scene_position=&#8220;center&#8220; text_color=&#8220;dark&#8220; text_align=&#8220;left&#8220; overlay_strength=&#8220;0.3&#8243;][vc_column column_padding=&#8220;no-extra-padding&#8220; column_padding_position=&#8220;all&#8220; background_color_opacity=&#8220;1&#8243; background_hover_color_opacity=&#8220;1&#8243; background_image=&#8220;6422&#8243; enable_bg_scale=&#8220;true&#8220; column_shadow=&#8220;none&#8220; width=&#8220;1\/2&#8243; tablet_text_alignment=&#8220;default&#8220; phone_text_alignment=&#8220;default&#8220; column_border_width=&#8220;none&#8220; column_border_style=&#8220;solid&#8220;][\/vc_column][vc_column column_padding=&#8220;padding-10-percent&#8220; column_padding_position=&#8220;all&#8220; background_color=&#8220;#f4f4f4&#8243; background_color_opacity=&#8220;1&#8243; background_hover_color_opacity=&#8220;1&#8243; column_shadow=&#8220;none&#8220; width=&#8220;1\/2&#8243; tablet_text_alignment=&#8220;default&#8220; phone_text_alignment=&#8220;default&#8220; column_border_width=&#8220;none&#8220; column_border_style=&#8220;solid&#8220;][vc_row_inner column_margin=&#8220;default&#8220; text_align=&#8220;left&#8220;][vc_column_inner column_padding=&#8220;no-extra-padding&#8220; column_padding_position=&#8220;all&#8220; background_color_opacity=&#8220;1&#8243; width=&#8220;1\/1&#8243; column_border_width=&#8220;none&#8220; column_border_style=&#8220;solid&#8220;][vc_custom_heading text=&#8220;Privatsph\u00e4re und Meerblick&#8220; font_container=&#8220;tag:h2|font_size:40|text_align:left|line_height:50px&#8220; use_theme_fonts=&#8220;yes&#8220;][vc_column_text css=&#8220;.vc_custom_1526649121207{margin-top: 10px !important;margin-bottom: 20px !important;}&#8220;]Durch die sorgf\u00e4ltig ausgew\u00e4hlte Lage jeder Residenz und unter Ber\u00fccksichtigung der Privatsph\u00e4re ist sichergestellt, dass jedes Haus angenehm abgelegen liegt und mit einem Meerblick aufwartet. Jede Residenz weist zudem einzigartige Formen und Proportionen auf, um nat\u00fcrlich mit der entsprechenden Umgebung zu verschmelzen.[\/vc_column_text][nectar_btn size=&#8220;large&#8220; button_style=&#8220;see-through-2&#8243; color_override=&#8220;#333333&#8243; hover_color_override=&#8220;#a4bfca&#8220; hover_text_color_override=&#8220;#ffffff&#8220; icon_family=&#8220;none&#8220; url=&#8220;#popmake-6851&#8243; text=&#8220;grundriss von Cap Blanc herunterladen&#8220; margin_top=&#8220;50&#8243;][\/vc_column_inner][\/vc_row_inner][\/vc_column][\/vc_row][vc_row type=&#8220;full_width_content&#8220; full_screen_row_position=&#8220;middle&#8220; equal_height=&#8220;yes&#8220; content_placement=&#8220;middle&#8220; bg_color=&#8220;#232323&#8243; scene_position=&#8220;center&#8220; text_color=&#8220;dark&#8220; text_align=&#8220;left&#8220; overlay_strength=&#8220;0.3&#8243;][vc_column column_padding=&#8220;padding-10-percent&#8220; column_padding_position=&#8220;all&#8220; background_color=&#8220;#f4f4f4&#8243; background_color_opacity=&#8220;1&#8243; background_hover_color_opacity=&#8220;1&#8243; column_shadow=&#8220;none&#8220; width=&#8220;1\/2&#8243; tablet_text_alignment=&#8220;default&#8220; phone_text_alignment=&#8220;default&#8220; column_border_width=&#8220;none&#8220; column_border_style=&#8220;solid&#8220;][vc_row_inner column_margin=&#8220;default&#8220; text_align=&#8220;left&#8220;][vc_column_inner column_padding=&#8220;no-extra-padding&#8220; column_padding_position=&#8220;all&#8220; background_color_opacity=&#8220;1&#8243; width=&#8220;1\/1&#8243; column_border_width=&#8220;none&#8220; column_border_style=&#8220;solid&#8220;][vc_custom_heading text=&#8220;H\u00f6chste Qualit\u00e4t &#8220; font_container=&#8220;tag:h2|font_size:40|text_align:left|line_height:50px&#8220; use_theme_fonts=&#8220;yes&#8220;][vc_column_text]Die Bauweise der Villen ist von h\u00f6chster Qualit\u00e4t. Dies k\u00f6nnen Sie selbst erleben, wenn Sie zu einem Besuch der Villen vorbeikommen. Es wurden ausschlie\u00dflich Materialien von h\u00f6chster Qualit\u00e4t und beste Einrichtungs- und Ausstattungsmerkmale verwendet. Auf Ibiza gibt es kaum Villen mit einer vergleichbaren Qualit\u00e4t zu finden.[\/vc_column_text][\/vc_column_inner][\/vc_row_inner][\/vc_column][vc_column column_padding=&#8220;no-extra-padding&#8220; column_padding_position=&#8220;all&#8220; background_color_opacity=&#8220;1&#8243; background_hover_color_opacity=&#8220;1&#8243; background_image=&#8220;7366&#8243; enable_bg_scale=&#8220;true&#8220; column_shadow=&#8220;none&#8220; width=&#8220;1\/2&#8243; tablet_text_alignment=&#8220;default&#8220; phone_text_alignment=&#8220;default&#8220; column_border_width=&#8220;none&#8220; column_border_style=&#8220;solid&#8220;][\/vc_column][\/vc_row]\n","protected":false},"excerpt":{"rendered":"<p>[vc_row type=&#8220;full_width_background&#8220; full_screen_row_position=&#8220;middle&#8220; bg_image=&#8220;6440&#8243; bg_position=&#8220;center center&#8220; bg_repeat=&#8220;no-repeat&#8220; parallax_bg=&#8220;true&#8220; parallax_bg_speed=&#8220;fast&#8220; bg_color=&#8220;#333333&#8243; scene_position=&#8220;center&#8220; video_bg=&#8220;use_video&#8220; video_mute=&#8220;true&#8220; text_color=&#8220;light&#8220; text_align=&#8220;left&#8220;&#8230;<\/p>\n","protected":false},"author":2,"featured_media":0,"parent":0,"menu_order":0,"comment_status":"closed","ping_status":"closed","template":"","meta":{"footnotes":""},"class_list":["post-7032","page","type-page","status-publish"],"_links":{"self":[{"href":"https:\/\/capblancibiza.com\/de\/wp-json\/wp\/v2\/pages\/7032","targetHints":{"allow":["GET"]}}],"collection":[{"href":"https:\/\/capblancibiza.com\/de\/wp-json\/wp\/v2\/pages"}],"about":[{"href":"https:\/\/capblancibiza.com\/de\/wp-json\/wp\/v2\/types\/page"}],"author":[{"embeddable":true,"href":"https:\/\/capblancibiza.com\/de\/wp-json\/wp\/v2\/users\/2"}],"replies":[{"embeddable":true,"href":"https:\/\/capblancibiza.com\/de\/wp-json\/wp\/v2\/comments?post=7032"}],"version-history":[{"count":9,"href":"https:\/\/capblancibiza.com\/de\/wp-json\/wp\/v2\/pages\/7032\/revisions"}],"predecessor-version":[{"id":7369,"href":"https:\/\/capblancibiza.com\/de\/wp-json\/wp\/v2\/pages\/7032\/revisions\/7369"}],"wp:attachment":[{"href":"https:\/\/capblancibiza.com\/de\/wp-json\/wp\/v2\/media?parent=7032"}],"curies":[{"name":"wp","href":"https:\/\/api.w.org\/{rel}","templated":true}]}}