{"id":7029,"date":"2018-05-18T13:06:43","date_gmt":"2018-05-18T13:06:43","guid":{"rendered":"https:\/\/capblancibiza.com\/?page_id=7029"},"modified":"2021-07-22T12:08:11","modified_gmt":"2021-07-22T12:08:11","slug":"geschlossene-wohnanlage","status":"publish","type":"page","link":"https:\/\/capblancibiza.com\/de\/geschlossene-wohnanlage\/","title":{"rendered":"Geschlossene Wohnanlage"},"content":{"rendered":"[vc_row type=&#8220;full_width_background&#8220; full_screen_row_position=&#8220;middle&#8220; bg_image=&#8220;7357&#8243; bg_position=&#8220;center top&#8220; bg_repeat=&#8220;no-repeat&#8220; parallax_bg=&#8220;true&#8220; parallax_bg_speed=&#8220;fast&#8220; scene_position=&#8220;center&#8220; video_bg=&#8220;use_video&#8220; video_mute=&#8220;true&#8220; text_color=&#8220;light&#8220; text_align=&#8220;left&#8220; top_padding=&#8220;13%&#8220; bottom_padding=&#8220;13%&#8220; overlay_strength=&#8220;0.5&#8243;][vc_column column_padding=&#8220;padding-3-percent&#8220; column_padding_position=&#8220;all&#8220; background_color=&#8220;rgba(68,68,68,0.3)&#8220; background_color_opacity=&#8220;1&#8243; background_hover_color_opacity=&#8220;1&#8243; column_shadow=&#8220;none&#8220; width=&#8220;1\/2&#8243; tablet_text_alignment=&#8220;default&#8220; phone_text_alignment=&#8220;default&#8220; column_border_width=&#8220;none&#8220; column_border_style=&#8220;solid&#8220;][split_line_heading]\n<div class=\"page-header\">\n<div class=\"page-header\">\n<h1>Eine sichere Wohnanlage und viel Privatsph\u00e4re<\/h1>\n<\/div>\n<\/div>\n[\/split_line_heading][vc_row_inner column_margin=&#8220;default&#8220; text_align=&#8220;left&#8220;][vc_column_inner enable_animation=&#8220;true&#8220; animation=&#8220;fade-in-from-bottom&#8220; column_padding=&#8220;no-extra-padding&#8220; column_padding_position=&#8220;all&#8220; background_color_opacity=&#8220;1&#8243; width=&#8220;5\/6&#8243; column_border_width=&#8220;none&#8220; column_border_style=&#8220;solid&#8220; delay=&#8220;300&#8243;][\/vc_column_inner][vc_column_inner column_padding=&#8220;no-extra-padding&#8220; column_padding_position=&#8220;all&#8220; background_color_opacity=&#8220;1&#8243; width=&#8220;1\/6&#8243; column_border_width=&#8220;none&#8220; column_border_style=&#8220;solid&#8220;][\/vc_column_inner][\/vc_row_inner][\/vc_column][vc_column column_padding=&#8220;no-extra-padding&#8220; column_padding_position=&#8220;all&#8220; background_color_opacity=&#8220;1&#8243; background_hover_color_opacity=&#8220;1&#8243; column_shadow=&#8220;none&#8220; width=&#8220;1\/2&#8243; tablet_text_alignment=&#8220;default&#8220; phone_text_alignment=&#8220;default&#8220; column_border_width=&#8220;none&#8220; column_border_style=&#8220;solid&#8220;][\/vc_column][\/vc_row][vc_row type=&#8220;full_width_content&#8220; full_screen_row_position=&#8220;middle&#8220; equal_height=&#8220;yes&#8220; content_placement=&#8220;middle&#8220; bg_color=&#8220;#f4f4f4&#8243; scene_position=&#8220;center&#8220; text_color=&#8220;dark&#8220; text_align=&#8220;left&#8220; overlay_strength=&#8220;0.3&#8243;][vc_column column_padding=&#8220;padding-10-percent&#8220; column_padding_position=&#8220;all&#8220; background_color=&#8220;#f4f4f4&#8243; background_color_opacity=&#8220;1&#8243; background_hover_color_opacity=&#8220;1&#8243; column_shadow=&#8220;none&#8220; width=&#8220;1\/2&#8243; tablet_text_alignment=&#8220;default&#8220; phone_text_alignment=&#8220;default&#8220; column_border_width=&#8220;none&#8220; column_border_style=&#8220;solid&#8220;][vc_row_inner column_margin=&#8220;default&#8220; text_align=&#8220;left&#8220;][vc_column_inner column_padding=&#8220;no-extra-padding&#8220; column_padding_position=&#8220;all&#8220; background_color_opacity=&#8220;1&#8243; width=&#8220;1\/1&#8243; column_border_width=&#8220;none&#8220; column_border_style=&#8220;solid&#8220;][vc_custom_heading text=&#8220;V\u00f6llige Sorgenfreiheit&#8220; font_container=&#8220;tag:h2|font_size:40|text_align:left|line_height:50px&#8220; use_theme_fonts=&#8220;yes&#8220;][vc_column_text css=&#8220;.vc_custom_1526648799156{margin-top: 10px !important;margin-bottom: 20px !important;}&#8220;]Cap Blanc Ibiza ist ein vollst\u00e4ndige abgeschlossene Wohnanlage, die aus 9 luxuri\u00f6sen Villen besteht. Um das Leben optimal und v\u00f6llig sorgenfrei genie\u00dfen zu k\u00f6nnen, sind Ihre Sicherheit und Privatsph\u00e4re von zentraler Bedeutung. Es wird modernste Technologie wie Nachtsichtkameras und Bodendrucksensoren verwendet. Der Park ist ausschlie\u00dflich f\u00fcr die Immobilieneigent\u00fcmer und ihre G\u00e4ste zug\u00e4nglich. Der Grundriss des Parks gew\u00e4hrleistet Ihre vollst\u00e4ndige Privatsph\u00e4re und Sicherheit. Sie k\u00f6nnen Ihre Zeit also sorgenfrei maximal genie\u00dfen.[\/vc_column_text][nectar_btn size=&#8220;large&#8220; button_style=&#8220;see-through-2&#8243; color_override=&#8220;#333333&#8243; hover_color_override=&#8220;#a4bfca&#8220; hover_text_color_override=&#8220;#ffffff&#8220; icon_family=&#8220;none&#8220; url=&#8220;#popmake-6845&#8243; text=&#8220;liste mit annehmlichkeiten&#8220; margin_top=&#8220;50&#8243; css_animation=&#8220;slideInUp&#8220;][\/vc_column_inner][\/vc_row_inner][\/vc_column][vc_column column_padding=&#8220;no-extra-padding&#8220; column_padding_position=&#8220;all&#8220; background_color_opacity=&#8220;1&#8243; background_hover_color_opacity=&#8220;1&#8243; background_image=&#8220;6791&#8243; enable_bg_scale=&#8220;true&#8220; top_margin=&#8220;1&#8243; column_shadow=&#8220;none&#8220; width=&#8220;1\/2&#8243; tablet_text_alignment=&#8220;default&#8220; phone_text_alignment=&#8220;default&#8220; column_border_width=&#8220;none&#8220; column_border_style=&#8220;solid&#8220;][\/vc_column][\/vc_row]\n","protected":false},"excerpt":{"rendered":"<p>[vc_row type=&#8220;full_width_background&#8220; full_screen_row_position=&#8220;middle&#8220; bg_image=&#8220;7357&#8243; bg_position=&#8220;center top&#8220; bg_repeat=&#8220;no-repeat&#8220; parallax_bg=&#8220;true&#8220; parallax_bg_speed=&#8220;fast&#8220; scene_position=&#8220;center&#8220; video_bg=&#8220;use_video&#8220; video_mute=&#8220;true&#8220; text_color=&#8220;light&#8220; text_align=&#8220;left&#8220; top_padding=&#8220;13%&#8220;&#8230;<\/p>\n","protected":false},"author":2,"featured_media":0,"parent":0,"menu_order":0,"comment_status":"closed","ping_status":"closed","template":"","meta":{"footnotes":""},"class_list":["post-7029","page","type-page","status-publish"],"_links":{"self":[{"href":"https:\/\/capblancibiza.com\/de\/wp-json\/wp\/v2\/pages\/7029","targetHints":{"allow":["GET"]}}],"collection":[{"href":"https:\/\/capblancibiza.com\/de\/wp-json\/wp\/v2\/pages"}],"about":[{"href":"https:\/\/capblancibiza.com\/de\/wp-json\/wp\/v2\/types\/page"}],"author":[{"embeddable":true,"href":"https:\/\/capblancibiza.com\/de\/wp-json\/wp\/v2\/users\/2"}],"replies":[{"embeddable":true,"href":"https:\/\/capblancibiza.com\/de\/wp-json\/wp\/v2\/comments?post=7029"}],"version-history":[{"count":8,"href":"https:\/\/capblancibiza.com\/de\/wp-json\/wp\/v2\/pages\/7029\/revisions"}],"predecessor-version":[{"id":7361,"href":"https:\/\/capblancibiza.com\/de\/wp-json\/wp\/v2\/pages\/7029\/revisions\/7361"}],"wp:attachment":[{"href":"https:\/\/capblancibiza.com\/de\/wp-json\/wp\/v2\/media?parent=7029"}],"curies":[{"name":"wp","href":"https:\/\/api.w.org\/{rel}","templated":true}]}}