{"id":7025,"date":"2018-05-18T13:04:14","date_gmt":"2018-05-18T13:04:14","guid":{"rendered":"https:\/\/capblancibiza.com\/?page_id=7025"},"modified":"2019-02-28T09:48:23","modified_gmt":"2019-02-28T09:48:23","slug":"standort","status":"publish","type":"page","link":"https:\/\/capblancibiza.com\/de\/standort\/","title":{"rendered":"Standort"},"content":{"rendered":"[vc_row type=&#8220;full_width_background&#8220; full_screen_row_position=&#8220;middle&#8220; bg_image=&#8220;7126&#8243; bg_position=&#8220;left top&#8220; bg_repeat=&#8220;no-repeat&#8220; parallax_bg=&#8220;true&#8220; parallax_bg_speed=&#8220;fast&#8220; bg_color=&#8220;#333333&#8243; scene_position=&#8220;center&#8220; text_color=&#8220;light&#8220; text_align=&#8220;left&#8220; top_padding=&#8220;13%&#8220; bottom_padding=&#8220;13%&#8220; overlay_strength=&#8220;0.5&#8243;][vc_column column_padding=&#8220;padding-3-percent&#8220; column_padding_position=&#8220;all&#8220; background_color=&#8220;rgba(68,68,68,0.3)&#8220; background_color_opacity=&#8220;1&#8243; background_hover_color_opacity=&#8220;1&#8243; column_shadow=&#8220;none&#8220; width=&#8220;1\/2&#8243; tablet_text_alignment=&#8220;default&#8220; phone_text_alignment=&#8220;default&#8220; column_border_width=&#8220;none&#8220; column_border_style=&#8220;solid&#8220;][vc_custom_heading text=&#8220;Der Hafen, die Str\u00e4nde, gutes Essen und exklusive Clubs&#8220; font_container=&#8220;tag:h5|text_align:left|color:rgba(255%2C255%2C255%2C0.74)&#8220; use_theme_fonts=&#8220;yes&#8220; css_animation=&#8220;fadeInUp&#8220;][split_line_heading]\n<div class=\"page-header\">\n<div class=\"page-header\">\n<h1>Ein Top-Standort im begehrtesten Teil von Ibiza<\/h1>\n<\/div>\n<\/div>\n[\/split_line_heading][vc_custom_heading text=&#8220;Die 9 Residenzen von Cap Blanc befinden sich im exklusiven Cap Martinet \u2013 Talamanca, der begehrtesten Ecke von Ibiza.&#8220; font_container=&#8220;tag:h5|text_align:left|color:rgba(255%2C255%2C255%2C0.74)&#8220; use_theme_fonts=&#8220;yes&#8220; css_animation=&#8220;fadeInUp&#8220;][vc_row_inner column_margin=&#8220;default&#8220; text_align=&#8220;left&#8220;][vc_column_inner enable_animation=&#8220;true&#8220; animation=&#8220;fade-in-from-bottom&#8220; column_padding=&#8220;no-extra-padding&#8220; column_padding_position=&#8220;all&#8220; background_color_opacity=&#8220;1&#8243; width=&#8220;5\/6&#8243; column_border_width=&#8220;none&#8220; column_border_style=&#8220;solid&#8220; delay=&#8220;300&#8243;][\/vc_column_inner][vc_column_inner column_padding=&#8220;no-extra-padding&#8220; column_padding_position=&#8220;all&#8220; background_color_opacity=&#8220;1&#8243; width=&#8220;1\/6&#8243; column_border_width=&#8220;none&#8220; column_border_style=&#8220;solid&#8220;][\/vc_column_inner][\/vc_row_inner][\/vc_column][vc_column column_padding=&#8220;no-extra-padding&#8220; column_padding_position=&#8220;all&#8220; background_color_opacity=&#8220;1&#8243; background_hover_color_opacity=&#8220;1&#8243; column_shadow=&#8220;none&#8220; width=&#8220;1\/2&#8243; tablet_text_alignment=&#8220;default&#8220; phone_text_alignment=&#8220;default&#8220; column_border_width=&#8220;none&#8220; column_border_style=&#8220;solid&#8220;][\/vc_column][\/vc_row][vc_row type=&#8220;full_width_content&#8220; full_screen_row_position=&#8220;middle&#8220; equal_height=&#8220;yes&#8220; content_placement=&#8220;middle&#8220; bg_color=&#8220;#ffffff&#8220; scene_position=&#8220;center&#8220; text_color=&#8220;dark&#8220; text_align=&#8220;left&#8220; class=&#8220;content-below-header&#8220; overlay_strength=&#8220;0.3&#8243;][vc_column column_padding=&#8220;no-extra-padding&#8220; column_padding_position=&#8220;all&#8220; background_color_opacity=&#8220;1&#8243; background_hover_color_opacity=&#8220;1&#8243; background_image=&#8220;6733&#8243; enable_bg_scale=&#8220;true&#8220; top_margin=&#8220;1&#8243; column_shadow=&#8220;none&#8220; width=&#8220;1\/2&#8243; tablet_text_alignment=&#8220;default&#8220; phone_text_alignment=&#8220;default&#8220; column_border_width=&#8220;none&#8220; column_border_style=&#8220;solid&#8220;][\/vc_column][vc_column column_padding=&#8220;padding-10-percent&#8220; column_padding_position=&#8220;all&#8220; background_color=&#8220;#ffffff&#8220; background_color_opacity=&#8220;1&#8243; background_hover_color_opacity=&#8220;1&#8243; column_shadow=&#8220;none&#8220; width=&#8220;1\/2&#8243; tablet_text_alignment=&#8220;default&#8220; phone_text_alignment=&#8220;default&#8220; column_border_width=&#8220;none&#8220; column_border_style=&#8220;solid&#8220;][vc_row_inner column_margin=&#8220;default&#8220; text_align=&#8220;left&#8220;][vc_column_inner column_padding=&#8220;no-extra-padding&#8220; column_padding_position=&#8220;all&#8220; background_color_opacity=&#8220;1&#8243; width=&#8220;1\/1&#8243; column_border_width=&#8220;none&#8220; column_border_style=&#8220;solid&#8220;][vc_custom_heading text=&#8220;Dalt Vila (die Altstadt)&#8220; font_container=&#8220;tag:h2|font_size:40|text_align:left|line_height:50px&#8220; use_theme_fonts=&#8220;yes&#8220;][vc_column_text css=&#8220;.vc_custom_1526648554155{margin-top: 10px !important;margin-bottom: 20px !important;}&#8220;]\n<p class=\"vc_custom_heading\">Dalt Vila (die Altstadt) ist nur wenige Minuten vom Cap Blanc weg. Hier finden Sie eine wunderbare Vielzahl an exklusiven Galerien, Boutiquen, die legend\u00e4ren Hippiem\u00e4rkte und zahlreiche Restaurants.<\/p>\n[\/vc_column_text][nectar_btn size=&#8220;large&#8220; button_style=&#8220;see-through-2&#8243; color_override=&#8220;#333333&#8243; hover_color_override=&#8220;#a4bfca&#8220; hover_text_color_override=&#8220;#ffffff&#8220; icon_family=&#8220;none&#8220; url=&#8220;#popmake-6847&#8243; text=&#8220;planen sie ihren besuch&#8220; margin_top=&#8220;50&#8243; css_animation=&#8220;slideInUp&#8220;][\/vc_column_inner][\/vc_row_inner][\/vc_column][\/vc_row][vc_row type=&#8220;full_width_content&#8220; full_screen_row_position=&#8220;middle&#8220; equal_height=&#8220;yes&#8220; content_placement=&#8220;middle&#8220; bg_color=&#8220;#f4f4f4&#8243; scene_position=&#8220;center&#8220; text_color=&#8220;dark&#8220; text_align=&#8220;left&#8220; overlay_strength=&#8220;0.3&#8243;][vc_column column_padding=&#8220;padding-10-percent&#8220; column_padding_position=&#8220;all&#8220; background_color=&#8220;#f4f4f4&#8243; background_color_opacity=&#8220;1&#8243; background_hover_color_opacity=&#8220;1&#8243; column_shadow=&#8220;none&#8220; width=&#8220;1\/2&#8243; tablet_text_alignment=&#8220;default&#8220; phone_text_alignment=&#8220;default&#8220; column_border_width=&#8220;none&#8220; column_border_style=&#8220;solid&#8220;][vc_row_inner column_margin=&#8220;default&#8220; text_align=&#8220;left&#8220;][vc_column_inner column_padding=&#8220;no-extra-padding&#8220; column_padding_position=&#8220;all&#8220; background_color_opacity=&#8220;1&#8243; width=&#8220;1\/1&#8243; column_border_width=&#8220;none&#8220; column_border_style=&#8220;solid&#8220;][vc_custom_heading text=&#8220;Marina Botafoch&#8220; font_container=&#8220;tag:h2|font_size:40|text_align:left|line_height:50px&#8220; use_theme_fonts=&#8220;yes&#8220;][vc_column_text css=&#8220;.vc_custom_1526648568548{margin-top: 10px !important;margin-bottom: 20px !important;}&#8220;]\n<p class=\"vc_custom_heading\">Der ber\u00fchmte Jachthafen Marina Botafoch mit seinen exklusiven Jachten und seiner schillernden Kundschaft aus aller Welt liegt nur 5 Minuten entfernt. Von hier aus k\u00f6nnen Sie mit dem Boot nach Formentera fahren, um ein k\u00f6stliches Mittagessen zu sich zu nehmen oder einfach die sch\u00f6nsten Stra\u00dfen Ibizas genie\u00dfen.<\/p>\n[\/vc_column_text][\/vc_column_inner][\/vc_row_inner][\/vc_column][vc_column column_padding=&#8220;no-extra-padding&#8220; column_padding_position=&#8220;all&#8220; background_color_opacity=&#8220;1&#8243; background_hover_color_opacity=&#8220;1&#8243; background_image=&#8220;6883&#8243; enable_bg_scale=&#8220;true&#8220; column_shadow=&#8220;none&#8220; width=&#8220;1\/2&#8243; tablet_text_alignment=&#8220;default&#8220; phone_text_alignment=&#8220;default&#8220; column_border_width=&#8220;none&#8220; column_border_style=&#8220;solid&#8220;][\/vc_column][\/vc_row][vc_row type=&#8220;full_width_content&#8220; full_screen_row_position=&#8220;middle&#8220; equal_height=&#8220;yes&#8220; content_placement=&#8220;middle&#8220; bg_color=&#8220;#f4f4f4&#8243; scene_position=&#8220;center&#8220; text_color=&#8220;dark&#8220; text_align=&#8220;left&#8220; overlay_strength=&#8220;0.3&#8243;][vc_column column_padding=&#8220;no-extra-padding&#8220; column_padding_position=&#8220;all&#8220; background_color_opacity=&#8220;1&#8243; background_hover_color_opacity=&#8220;1&#8243; background_image=&#8220;6481&#8243; enable_bg_scale=&#8220;true&#8220; column_shadow=&#8220;none&#8220; width=&#8220;1\/2&#8243; tablet_text_alignment=&#8220;default&#8220; phone_text_alignment=&#8220;default&#8220; column_border_width=&#8220;none&#8220; column_border_style=&#8220;solid&#8220;][\/vc_column][vc_column column_padding=&#8220;padding-10-percent&#8220; column_padding_position=&#8220;all&#8220; background_color=&#8220;#ffffff&#8220; background_color_opacity=&#8220;1&#8243; background_hover_color_opacity=&#8220;1&#8243; column_shadow=&#8220;none&#8220; width=&#8220;1\/2&#8243; tablet_text_alignment=&#8220;default&#8220; phone_text_alignment=&#8220;default&#8220; column_border_width=&#8220;none&#8220; column_border_style=&#8220;solid&#8220;][vc_row_inner column_margin=&#8220;default&#8220; text_align=&#8220;left&#8220;][vc_column_inner column_padding=&#8220;no-extra-padding&#8220; column_padding_position=&#8220;all&#8220; background_color_opacity=&#8220;1&#8243; width=&#8220;1\/1&#8243; column_border_width=&#8220;none&#8220; column_border_style=&#8220;solid&#8220;][vc_custom_heading text=&#8220;Wei\u00dfe Sandstr\u00e4nde&#8220; font_container=&#8220;tag:h2|font_size:40|text_align:left|line_height:50px&#8220; use_theme_fonts=&#8220;yes&#8220;][vc_column_text css=&#8220;.vc_custom_1526648588719{margin-top: 10px !important;margin-bottom: 20px !important;}&#8220;]\n<p class=\"vc_custom_heading\">Ibiza ist f\u00fcr seine wei\u00dfen Sandstr\u00e4nde ber\u00fchmt. Einige dieser Str\u00e4nde, wie den sch\u00f6nen Strand von Talamanca, k\u00f6nnen Sie zu Fu\u00df von Cap Blanc aus erreichen.<\/p>\n[\/vc_column_text][\/vc_column_inner][\/vc_row_inner][\/vc_column][\/vc_row][vc_row type=&#8220;full_width_content&#8220; full_screen_row_position=&#8220;middle&#8220; equal_height=&#8220;yes&#8220; content_placement=&#8220;middle&#8220; bg_color=&#8220;#232323&#8243; scene_position=&#8220;center&#8220; text_color=&#8220;dark&#8220; text_align=&#8220;left&#8220; overlay_strength=&#8220;0.3&#8243;][vc_column column_padding=&#8220;padding-10-percent&#8220; column_padding_position=&#8220;all&#8220; background_color=&#8220;#f4f4f4&#8243; background_color_opacity=&#8220;1&#8243; background_hover_color_opacity=&#8220;1&#8243; column_shadow=&#8220;none&#8220; width=&#8220;1\/2&#8243; tablet_text_alignment=&#8220;default&#8220; phone_text_alignment=&#8220;default&#8220; column_border_width=&#8220;none&#8220; column_border_style=&#8220;solid&#8220;][vc_row_inner column_margin=&#8220;default&#8220; text_align=&#8220;left&#8220;][vc_column_inner column_padding=&#8220;no-extra-padding&#8220; column_padding_position=&#8220;all&#8220; background_color_opacity=&#8220;1&#8243; width=&#8220;1\/1&#8243; column_border_width=&#8220;none&#8220; column_border_style=&#8220;solid&#8220;][vc_custom_heading text=&#8220;Die besten Restaurants&#8220; font_container=&#8220;tag:h2|font_size:40|text_align:left|line_height:50px&#8220; use_theme_fonts=&#8220;yes&#8220;][vc_column_text css=&#8220;.vc_custom_1526648625610{margin-top: 10px !important;margin-bottom: 20px !important;}&#8220;]\n<p class=\"vc_custom_heading\">Das ber\u00fchmte Destino-Resort ist zu Fu\u00df nur 2 Minuten entfernt . Ideal, um Mittagessen oder Abendessen zu gehen oder um eine wirbelnde Show zu erleben. Neben dem Destino-Resort k\u00f6nnen Sie aus mehr als 100 Restaurants ausw\u00e4hlen, zu denen einige der besten Restaurants der Insel wie das Cirpirani und das Cavalli z\u00e4hlen.<\/p>\n[\/vc_column_text][\/vc_column_inner][\/vc_row_inner][\/vc_column][vc_column column_padding=&#8220;no-extra-padding&#8220; column_padding_position=&#8220;all&#8220; background_color_opacity=&#8220;1&#8243; background_hover_color_opacity=&#8220;1&#8243; background_image=&#8220;6659&#8243; enable_bg_scale=&#8220;true&#8220; column_shadow=&#8220;none&#8220; width=&#8220;1\/2&#8243; tablet_text_alignment=&#8220;default&#8220; phone_text_alignment=&#8220;default&#8220; column_border_width=&#8220;none&#8220; column_border_style=&#8220;solid&#8220;][\/vc_column][\/vc_row][vc_row type=&#8220;full_width_content&#8220; full_screen_row_position=&#8220;middle&#8220; equal_height=&#8220;yes&#8220; content_placement=&#8220;middle&#8220; bg_color=&#8220;#232323&#8243; scene_position=&#8220;center&#8220; text_color=&#8220;dark&#8220; text_align=&#8220;left&#8220; overlay_strength=&#8220;0.3&#8243;][vc_column column_padding=&#8220;no-extra-padding&#8220; column_padding_position=&#8220;all&#8220; background_color_opacity=&#8220;1&#8243; background_hover_color_opacity=&#8220;1&#8243; background_image=&#8220;6480&#8243; enable_bg_scale=&#8220;true&#8220; column_shadow=&#8220;none&#8220; width=&#8220;1\/2&#8243; tablet_text_alignment=&#8220;default&#8220; phone_text_alignment=&#8220;default&#8220; column_border_width=&#8220;none&#8220; column_border_style=&#8220;solid&#8220;][\/vc_column][vc_column column_padding=&#8220;padding-10-percent&#8220; column_padding_position=&#8220;all&#8220; background_color=&#8220;#ffffff&#8220; background_color_opacity=&#8220;1&#8243; background_hover_color_opacity=&#8220;1&#8243; column_shadow=&#8220;none&#8220; width=&#8220;1\/2&#8243; tablet_text_alignment=&#8220;default&#8220; phone_text_alignment=&#8220;default&#8220; column_border_width=&#8220;none&#8220; column_border_style=&#8220;solid&#8220;][vc_row_inner column_margin=&#8220;default&#8220; text_align=&#8220;left&#8220;][vc_column_inner column_padding=&#8220;no-extra-padding&#8220; column_padding_position=&#8220;all&#8220; background_color_opacity=&#8220;1&#8243; width=&#8220;1\/1&#8243; column_border_width=&#8220;none&#8220; column_border_style=&#8220;solid&#8220;][vc_custom_heading text=&#8220;Ber\u00fchmte Clubs&#8220; font_container=&#8220;tag:h2|font_size:40|text_align:left|line_height:50px&#8220; use_theme_fonts=&#8220;yes&#8220;][vc_column_text css=&#8220;.vc_custom_1526648644133{margin-top: 10px !important;margin-bottom: 20px !important;}&#8220;]\n<p class=\"vc_custom_heading\">Wenn Sie abends ausgehen und bis in die fr\u00fchen Morgenstunden tanzen m\u00f6chten, k\u00f6nnen Sie aus ber\u00fchmten Clubs wie dem Lio, Pacha, Amnesia, Privilege und Space ausw\u00e4hlen.<\/p>\n[\/vc_column_text][\/vc_column_inner][\/vc_row_inner][\/vc_column][\/vc_row][vc_row type=&#8220;full_width_content&#8220; full_screen_row_position=&#8220;middle&#8220; bg_color=&#8220;#ffffff&#8220; scene_position=&#8220;center&#8220; text_color=&#8220;dark&#8220; text_align=&#8220;left&#8220; overlay_strength=&#8220;0.3&#8243;][vc_column column_padding=&#8220;no-extra-padding&#8220; column_padding_position=&#8220;all&#8220; background_color_opacity=&#8220;1&#8243; background_hover_color_opacity=&#8220;1&#8243; column_shadow=&#8220;none&#8220; el_class=&#8220;custom-google-map&#8220; width=&#8220;1\/1&#8243; tablet_text_alignment=&#8220;default&#8220; phone_text_alignment=&#8220;default&#8220; column_border_width=&#8220;none&#8220; column_border_style=&#8220;solid&#8220;][nectar_gmap zoom=&#8220;14&#8243; marker_style=&#8220;nectar&#8220; nectar_marker_color=&#8220;extra-color-3&#8243; map_greyscale=&#8220;1&#8243; ultra_flat=&#8220;1&#8243; size=&#8220;700&#8243; map_center_lat=&#8220;38.8973733&#8243; map_center_lng=&#8220;1.4431267&#8243; map_markers=&#8220;38.877284|1.4027123|Coco Beach<br \/>\n38.879065|1.4033253|Nassau Beach Club<br \/>\n38.8850185|1.4060022|Ushuaia Club<br \/>\n38.8934762|1.4110459|Playa d\u2019en Bossa<br \/>\n38.9089145|1.4350172|La Brassa<br \/>\n38.9082994|1.4340531|La Olivia<br \/>\n38.9083602|1.4342404|El Olivo<br \/>\n38.9086619|1.4334216|Pasties<br \/>\n38.9092886|1.4341519|La Imprenta<br \/>\n38.9087423|1.4318776|Sa Brisa<br \/>\n38.9072281|1.4335579|Kyupiddo<br \/>\n38.912624|1.4464113|IT<br \/>\n38.9149408|1.4413051|Blue Marlin Marina<br \/>\n38.9136701|1.4415452|Capuccino<br \/>\n38.9138329|1.4409364|Lio Restaurant + club<br \/>\n38.9116561|1.4476146|Marina Botafoch<br \/>\n38.9164371|1.4396404|Cipriani<br \/>\n38.9172633|1.4363672|Izakaya<br \/>\n38.9174503|1.4360735|The Butcher<br \/>\n38.9165272|1.4389428|Casino<br \/>\n38.9166525|1.439638|Heart<br \/>\n38.9166521|1.4330719|Pacha C<br \/>\n38.9172351|1.4525382|Rehab<br \/>\n38.918392|1.4547497|Nobu<br \/>\n38.9167362|1.4547548|Talamanca beach<br \/>\n38.9138581|1.4637087|Fish Shack<br \/>\n38.9149865|1.4633094|Sa Punta<br \/>\n38.913836|1.4671743|Destino Restaurant + club<br \/>\n38.9172208|1.468987|Cap Blanc&#8220;][\/vc_column][\/vc_row]\n","protected":false},"excerpt":{"rendered":"<p>[vc_row type=&#8220;full_width_background&#8220; full_screen_row_position=&#8220;middle&#8220; bg_image=&#8220;7126&#8243; bg_position=&#8220;left top&#8220; bg_repeat=&#8220;no-repeat&#8220; parallax_bg=&#8220;true&#8220; parallax_bg_speed=&#8220;fast&#8220; bg_color=&#8220;#333333&#8243; scene_position=&#8220;center&#8220; text_color=&#8220;light&#8220; text_align=&#8220;left&#8220; top_padding=&#8220;13%&#8220; bottom_padding=&#8220;13%&#8220;&#8230;<\/p>\n","protected":false},"author":2,"featured_media":0,"parent":0,"menu_order":0,"comment_status":"closed","ping_status":"closed","template":"","meta":{"footnotes":""},"class_list":["post-7025","page","type-page","status-publish"],"_links":{"self":[{"href":"https:\/\/capblancibiza.com\/de\/wp-json\/wp\/v2\/pages\/7025","targetHints":{"allow":["GET"]}}],"collection":[{"href":"https:\/\/capblancibiza.com\/de\/wp-json\/wp\/v2\/pages"}],"about":[{"href":"https:\/\/capblancibiza.com\/de\/wp-json\/wp\/v2\/types\/page"}],"author":[{"embeddable":true,"href":"https:\/\/capblancibiza.com\/de\/wp-json\/wp\/v2\/users\/2"}],"replies":[{"embeddable":true,"href":"https:\/\/capblancibiza.com\/de\/wp-json\/wp\/v2\/comments?post=7025"}],"version-history":[{"count":8,"href":"https:\/\/capblancibiza.com\/de\/wp-json\/wp\/v2\/pages\/7025\/revisions"}],"predecessor-version":[{"id":7339,"href":"https:\/\/capblancibiza.com\/de\/wp-json\/wp\/v2\/pages\/7025\/revisions\/7339"}],"wp:attachment":[{"href":"https:\/\/capblancibiza.com\/de\/wp-json\/wp\/v2\/media?parent=7025"}],"curies":[{"name":"wp","href":"https:\/\/api.w.org\/{rel}","templated":true}]}}